{"id":242,"date":"2021-12-23T22:14:54","date_gmt":"2021-12-23T15:14:54","guid":{"rendered":"https:\/\/nhathongminhcp.com\/?page_id=242"},"modified":"2021-12-23T22:48:48","modified_gmt":"2021-12-23T15:48:48","slug":"luu-ban-nhap-tu-dong","status":"publish","type":"page","link":"https:\/\/nhathongminhcp.com\/index.php\/luu-ban-nhap-tu-dong\/","title":{"rendered":"\u0110i\u1ec1u khi\u1ec3n nh\u00e0 b\u1eb1ng gi\u1ecdng n\u00f3i"},"content":{"rendered":"\t<section class=\"section\" id=\"section_1586752277\">\n\t\t<div class=\"bg section-bg fill bg-fill  bg-loaded\" >\n\n\t\t\t\n\t\t\t\n\t\t\t\n\n\t\t<\/div>\n\n\t\t<div class=\"section-content relative\">\n\t\t\t\n<div class=\"row\"  id=\"row-1212432815\">\n\n\t<div id=\"col-1982654030\" class=\"col small-12 large-12\"  >\n\t\t<div class=\"col-inner\"  >\n\t\t\t\n\t\t\t\n\t<div class=\"img has-hover x md-x lg-x y md-y lg-y\" id=\"image_155234551\">\n\t\t\t\t\t\t\t\t<div class=\"img-inner dark\" >\n\t\t\t<img loading=\"lazy\" decoding=\"async\" width=\"1020\" height=\"373\" src=\"https:\/\/nhathongminhcp.com\/wp-content\/uploads\/2021\/12\/ending-voice-1024x374.jpg\" class=\"attachment-large size-large\" alt=\"\u0110K gi\u1ecdng n\u00f3i\" srcset=\"https:\/\/nhathongminhcp.com\/wp-content\/uploads\/2021\/12\/ending-voice-1024x374.jpg 1024w, https:\/\/nhathongminhcp.com\/wp-content\/uploads\/2021\/12\/ending-voice-300x110.jpg 300w, https:\/\/nhathongminhcp.com\/wp-content\/uploads\/2021\/12\/ending-voice-768x281.jpg 768w, https:\/\/nhathongminhcp.com\/wp-content\/uploads\/2021\/12\/ending-voice.jpg 1349w\" sizes=\"auto, (max-width: 1020px) 100vw, 1020px\" \/>\t\t\t\t\t\t\n\t\t\t\t\t<\/div>\n\t\t\t\t\t\t\t\t\n<style>\n#image_155234551 {\n  width: 100%;\n}\n<\/style>\n\t<\/div>\n\t\n\t\t<\/div>\n\t\t\t<\/div>\n\n\t\n<\/div>\n<div class=\"row\"  id=\"row-1467071181\">\n\n\t<div id=\"col-900714380\" class=\"col small-12 large-12\"  >\n\t\t<div class=\"col-inner\"  >\n\t\t\t\n\t\t\t\n<h1 class=\"text-large\" style=\"text-align: center;\"><strong>\u0110i\u1ec1u khi\u1ec3n nh\u00e0 b\u1eb1ng gi\u1ecdng n\u00f3i<\/strong><\/h1>\n<p>Kh\u00e1m ph\u00e1 quy\u1ec1n n\u0103ng c\u1ee7a gi\u1ecdng n\u00f3i v\u1edbi s\u1ef1 tr\u1ee3 gi\u00fap c\u1ee7a Google Assistant, tr\u1ee3 l\u00fd \u1ea3o Siri v\u00e0 Alexa. Ch\u1ec9 v\u1edbi m\u1ed9t c\u00e2u n\u00f3i, ng\u00f4i nh\u00e0 th\u00f4ng minh s\u1ebd h\u00e0nh \u0111\u1ed9ng theo \u00fd mu\u1ed1n c\u1ee7a b\u1ea1n<\/p>\n\t\t<\/div>\n\t\t\t<\/div>\n\n\t\n<\/div>\n<div class=\"row align-middle align-center\"  id=\"row-1156946511\">\n\n\t<div id=\"col-345067227\" class=\"col medium-6 small-12 large-6\"  >\n\t\t<div class=\"col-inner\"  >\n\t\t\t\n\t\t\t\n<div class=\"container section-title-container h1-title after-title\">\n<h2 class=\"section-title section-title-normal\"><span class=\"section-title-main\">\u201cOK Google! B\u1eadt \u0111\u00e8n\u201d<\/span><\/h2>\n<\/div>\n<p>Nh\u00e0 th\u00f4ng minh Lumi Vi\u1ec7t Nam ch\u00ednh th\u1ee9c \u0111\u01b0\u1ee3c Google c\u1ea5p ch\u1ee9ng nh\u1eadn \u201cWorks with the Google Assistant\u201d t\u00edch h\u1ee3p t\u00ednh n\u0103ng Voice Control v\u00e0o h\u1ec7 sinh th\u00e1i gi\u1ea3i ph\u00e1p c\u1ee7a m\u00ecnh. \u0110\u1ea1t \u0111\u01b0\u1ee3c \u0111i\u1ec1u n\u00e0y, Lumi \u0111\u00e3 v\u01b0\u1ee3t qua nh\u1eefng ti\u00eau chu\u1ea9n c\u1ef1c k\u1ef3 kh\u1eaft khe c\u1ee7a Google, \u0111\u1ec3 gi\u1edd \u0111\u00e2y, ng\u01b0\u1eddi d\u00f9ng c\u00f3 th\u1ec3 \u0111i\u1ec1u khi\u1ec3n c\u00e1c thi\u1ebft b\u1ecb trong nh\u00e0 th\u00f4ng qua Google Assistant.<\/p>\n\t\t<\/div>\n\t\t\t<\/div>\n\n\t\n\n\t<div id=\"col-1350474974\" class=\"col medium-6 small-12 large-6\"  >\n\t\t<div class=\"col-inner\"  >\n\t\t\t\n\t\t\t\n\t<div class=\"img has-hover x md-x lg-x y md-y lg-y\" id=\"image_1864494455\">\n\t\t\t\t\t\t<div data-animate=\"bounceInLeft\">\t\t<div class=\"img-inner dark\" >\n\t\t\t<img loading=\"lazy\" decoding=\"async\" width=\"534\" height=\"391\" src=\"https:\/\/nhathongminhcp.com\/wp-content\/uploads\/2021\/12\/OK-google-batden.jpg\" class=\"attachment-large size-large\" alt=\"\" srcset=\"https:\/\/nhathongminhcp.com\/wp-content\/uploads\/2021\/12\/OK-google-batden.jpg 534w, https:\/\/nhathongminhcp.com\/wp-content\/uploads\/2021\/12\/OK-google-batden-300x220.jpg 300w\" sizes=\"auto, (max-width: 534px) 100vw, 534px\" \/>\t\t\t\t\t\t\n\t\t\t\t\t<\/div>\n\t\t<\/div>\t\t\t\t\t\t\n<style>\n#image_1864494455 {\n  width: 100%;\n}\n<\/style>\n\t<\/div>\n\t\n\t\t<\/div>\n\t\t\t<\/div>\n\n\t\n<\/div>\n<div class=\"row align-middle align-center\"  id=\"row-1207398627\">\n\n\t<div id=\"col-2126256365\" class=\"col medium-6 small-12 large-6\"  >\n\t\t<div class=\"col-inner\"  >\n\t\t\t\n\t\t\t\n<div class=\"container section-title-container h1-title after-title allowbr\">\n<h2 class=\"section-title section-title-normal\"><span class=\"section-title-main\">Hey Siri!<br \/>\nTurn on Air-conditioner<\/span><\/h2>\n<\/div>\n<p>Th\u00e1ng 11\/2019, Lumi ch\u00ednh th\u1ee9c t\u00edch h\u1ee3p th\u00e0nh c\u00f4ng gi\u1ea3i ph\u00e1p nh\u00e0 th\u00f4ng minh v\u00e0o h\u1ec7 sinh th\u00e1i Apple, cho ph\u00e9p \u0111i\u1ec1u khi\u1ec3n nh\u00e0 th\u00f4ng qua iPhone, iPad, Apple Watch v\u00e0 tr\u1ee3 l\u00fd \u1ea3o Siri. Khi \u0111ang d\u00f9ng b\u1eefa t\u1ed1i c\u00f9ng gia \u0111\u00ecnh, b\u1ea1n ho\u00e0n to\u00e0n kh\u00f4ng c\u1ea7n t\u1ef1 tay b\u1eadt \u0111i\u1ec1u h\u00f2a, m\u00e0 ch\u1ec9 c\u1ea7n n\u00f3i \u201cHey Siri! Turn on Air-conditioner\u201d l\u00e0 \u0111i\u1ec1u h\u00f2a s\u1ebd \u0111\u01b0\u1ee3c b\u1eadt theo \u00fd mu\u1ed1n.<\/p>\n\t\t<\/div>\n\t\t\t<\/div>\n\n\t\n\n\t<div id=\"col-977642575\" class=\"col medium-6 small-12 large-6\"  >\n\t\t<div class=\"col-inner\"  >\n\t\t\t\n\t\t\t\n\t<div class=\"img has-hover x md-x lg-x y md-y lg-y\" id=\"image_569058287\">\n\t\t\t\t\t\t<div data-animate=\"bounceInDown\">\t\t<div class=\"img-inner dark\" >\n\t\t\t<img loading=\"lazy\" decoding=\"async\" width=\"534\" height=\"391\" src=\"https:\/\/nhathongminhcp.com\/wp-content\/uploads\/2021\/12\/hey-siri-turn-on-air-conditioner.jpg\" class=\"attachment-large size-large\" alt=\"\" srcset=\"https:\/\/nhathongminhcp.com\/wp-content\/uploads\/2021\/12\/hey-siri-turn-on-air-conditioner.jpg 534w, https:\/\/nhathongminhcp.com\/wp-content\/uploads\/2021\/12\/hey-siri-turn-on-air-conditioner-300x220.jpg 300w\" sizes=\"auto, (max-width: 534px) 100vw, 534px\" \/>\t\t\t\t\t\t\n\t\t\t\t\t<\/div>\n\t\t<\/div>\t\t\t\t\t\t\n<style>\n#image_569058287 {\n  width: 100%;\n}\n<\/style>\n\t<\/div>\n\t\n\t\t<\/div>\n\t\t\t<\/div>\n\n\t\n<\/div>\n<div class=\"row align-middle align-center\"  id=\"row-2042212338\">\n\n\t<div id=\"col-466549849\" class=\"col medium-6 small-12 large-6\"  >\n\t\t<div class=\"col-inner\"  >\n\t\t\t\n\t\t\t\n<div id=\"col-492734519\" class=\"col milo milo-right medium-6 small-12 large-6\">\n<div class=\"col-inner text-left\">\n<div class=\"container section-title-container h1-title after-title\">\n<h2 class=\"section-title section-title-normal\"><span class=\"section-title-main\">\u201cAlexa! Turn on music\u201d<\/span><\/h2>\n<\/div>\n<p>C\u00f9ng v\u1edbi Alexa, Lumi \u0111\u00e3 mang t\u1edbi cho ng\u01b0\u1eddi d\u00f9ng c\u01a1 h\u1ed9i \u0111\u01b0\u1ee3c t\u1ef1 do l\u1ef1a ch\u1ecdn s\u1eed d\u1ee5ng nh\u1eefng tr\u1ee3 l\u00fd \u1ea3o \u201cn\u1ed5i ti\u1ebfng\u201d nh\u1ea5t th\u1ebf gi\u1edbi t\u00ednh t\u1edbi th\u1eddi \u0111i\u1ec3m hi\u1ec7n t\u1ea1i \u0111\u1ec3 \u0111i\u1ec1u khi\u1ec3n ng\u00f4i nh\u00e0 th\u00f4ng minh c\u1ee7a m\u00ecnh. V\u00ed d\u1ee5, khi \u0111ang d\u1edf tay l\u00e0m b\u1ebfp, b\u1ea1n ch\u1ec9 c\u1ea7n g\u1ecdi Alexa gi\u00fap b\u1ea1n b\u1eadt m\u1ed9t b\u1ea3n nh\u1ea1c t\u01b0\u01a1i vui \u0111\u1ec3 c\u00f3 th\u00eam c\u1ea3m h\u1ee9ng.<\/p>\n<\/div>\n<\/div>\n<div id=\"col-1501813529\" class=\"col medium-6 small-12 large-6 medium-col-first\">\n<div class=\"col-inner\">\n<div id=\"image_1001224825\" class=\"img has-hover x md-x lg-x y md-y lg-y\"><\/div>\n<\/div>\n<\/div>\n\t\t<\/div>\n\t\t\t<\/div>\n\n\t\n\n\t<div id=\"col-1586164482\" class=\"col medium-6 small-12 large-6\"  >\n\t\t<div class=\"col-inner\"  >\n\t\t\t\n\t\t\t\n\t<div class=\"img has-hover x md-x lg-x y md-y lg-y\" id=\"image_1295024356\">\n\t\t\t\t\t\t<div data-animate=\"flipInY\">\t\t<div class=\"img-inner dark\" >\n\t\t\t<img loading=\"lazy\" decoding=\"async\" width=\"534\" height=\"391\" src=\"https:\/\/nhathongminhcp.com\/wp-content\/uploads\/2021\/12\/alexa-turn-on-music.jpg\" class=\"attachment-large size-large\" alt=\"\" srcset=\"https:\/\/nhathongminhcp.com\/wp-content\/uploads\/2021\/12\/alexa-turn-on-music.jpg 534w, https:\/\/nhathongminhcp.com\/wp-content\/uploads\/2021\/12\/alexa-turn-on-music-300x220.jpg 300w\" sizes=\"auto, (max-width: 534px) 100vw, 534px\" \/>\t\t\t\t\t\t\n\t\t\t\t\t<\/div>\n\t\t<\/div>\t\t\t\t\t\t\n<style>\n#image_1295024356 {\n  width: 100%;\n}\n<\/style>\n\t<\/div>\n\t\n\t\t<\/div>\n\t\t\t<\/div>\n\n\t\n<\/div>\n\t\t<\/div>\n\n\t\t\n<style>\n#section_1586752277 {\n  padding-top: 30px;\n  padding-bottom: 30px;\n}\n<\/style>\n\t<\/section>\n\t\n","protected":false},"excerpt":{"rendered":"","protected":false},"author":1,"featured_media":0,"parent":0,"menu_order":0,"comment_status":"closed","ping_status":"closed","template":"","meta":{"footnotes":""},"yst_prominent_words":[],"class_list":["post-242","page","type-page","status-publish","hentry"],"_links":{"self":[{"href":"https:\/\/nhathongminhcp.com\/index.php\/wp-json\/wp\/v2\/pages\/242","targetHints":{"allow":["GET"]}}],"collection":[{"href":"https:\/\/nhathongminhcp.com\/index.php\/wp-json\/wp\/v2\/pages"}],"about":[{"href":"https:\/\/nhathongminhcp.com\/index.php\/wp-json\/wp\/v2\/types\/page"}],"author":[{"embeddable":true,"href":"https:\/\/nhathongminhcp.com\/index.php\/wp-json\/wp\/v2\/users\/1"}],"replies":[{"embeddable":true,"href":"https:\/\/nhathongminhcp.com\/index.php\/wp-json\/wp\/v2\/comments?post=242"}],"version-history":[{"count":6,"href":"https:\/\/nhathongminhcp.com\/index.php\/wp-json\/wp\/v2\/pages\/242\/revisions"}],"predecessor-version":[{"id":254,"href":"https:\/\/nhathongminhcp.com\/index.php\/wp-json\/wp\/v2\/pages\/242\/revisions\/254"}],"wp:attachment":[{"href":"https:\/\/nhathongminhcp.com\/index.php\/wp-json\/wp\/v2\/media?parent=242"}],"wp:term":[{"taxonomy":"yst_prominent_words","embeddable":true,"href":"https:\/\/nhathongminhcp.com\/index.php\/wp-json\/wp\/v2\/yst_prominent_words?post=242"}],"curies":[{"name":"wp","href":"https:\/\/api.w.org\/{rel}","templated":true}]}}