{"id":256,"date":"2021-12-24T18:13:32","date_gmt":"2021-12-24T11:13:32","guid":{"rendered":"https:\/\/nhathongminhcp.com\/?page_id=256"},"modified":"2021-12-24T18:41:16","modified_gmt":"2021-12-24T11:41:16","slug":"dieu-khien-rem-cua-thong-minh","status":"publish","type":"page","link":"https:\/\/nhathongminhcp.com\/index.php\/dieu-khien-rem-cua-thong-minh\/","title":{"rendered":"\u0110i\u1ec1u khi\u1ec3n r\u00e8m c\u1eeda th\u00f4ng minh"},"content":{"rendered":"\t<section class=\"section\" id=\"section_1123411054\">\n\t\t<div class=\"bg section-bg fill bg-fill  bg-loaded\" >\n\n\t\t\t\n\t\t\t\n\t\t\t\n\n\t\t<\/div>\n\n\t\t<div class=\"section-content relative\">\n\t\t\t\n\t<div class=\"img has-hover x md-x lg-x y md-y lg-y\" id=\"image_1935605807\">\n\t\t\t\t\t\t<div data-animate=\"flipInY\">\t\t<div class=\"img-inner dark\" >\n\t\t\t<img loading=\"lazy\" decoding=\"async\" width=\"1020\" height=\"378\" src=\"https:\/\/nhathongminhcp.com\/wp-content\/uploads\/2021\/12\/banner-rem-cua-tu-dong-2-1024x379.jpg\" class=\"attachment-large size-large\" alt=\"DK r\u00e8m\" srcset=\"https:\/\/nhathongminhcp.com\/wp-content\/uploads\/2021\/12\/banner-rem-cua-tu-dong-2-1024x379.jpg 1024w, https:\/\/nhathongminhcp.com\/wp-content\/uploads\/2021\/12\/banner-rem-cua-tu-dong-2-300x111.jpg 300w, https:\/\/nhathongminhcp.com\/wp-content\/uploads\/2021\/12\/banner-rem-cua-tu-dong-2-768x284.jpg 768w, https:\/\/nhathongminhcp.com\/wp-content\/uploads\/2021\/12\/banner-rem-cua-tu-dong-2.jpg 1349w\" sizes=\"auto, (max-width: 1020px) 100vw, 1020px\" \/>\t\t\t\t\t\t\n\t\t\t\t\t<\/div>\n\t\t<\/div>\t\t\t\t\t\t\n<style>\n#image_1935605807 {\n  width: 100%;\n}\n<\/style>\n\t<\/div>\n\t\n<div class=\"row\"  id=\"row-215056311\">\n\n\t<div id=\"col-1361521737\" class=\"col small-12 large-12\"  >\n\t\t<div class=\"col-inner text-center\"  >\n\t\t\t\n\t\t\t\n<h1 class=\"text-large\"><strong>\u0110i\u1ec1u khi\u1ec3n r\u00e8m c\u1eeda th\u00f4ng minh<\/strong><\/h1>\n<p>Gi\u1ea3i ph\u00e1p r\u00e8m c\u1eeda t\u1ef1 \u0111\u1ed9ng cho ph\u00e9p c\u00e0i \u0111\u1eb7t r\u00e8m t\u1ef1 \u0111\u1ed9ng m\u1edf \u0111\u00f3n b\u00ecnh minh m\u1ed7i bu\u1ed5i s\u00e1ng v\u00e0 \u0111\u00f3ng l\u1ea1i khi \u0111\u00eam v\u1ec1 th\u00f4ng qua Smartphone ho\u1eb7c gi\u1ecdng n\u00f3i<\/p>\n\t\t<\/div>\n\t\t\t<\/div>\n\n\t\n<\/div>\n<div class=\"row align-middle align-center\"  id=\"row-908696084\">\n\n\t<div id=\"col-1331211886\" class=\"col medium-6 small-12 large-6\"  >\n\t\t<div class=\"col-inner\"  >\n\t\t\t\n\t\t\t\n<div class=\"container section-title-container h1-title after-title\">\n<h1 class=\"section-title section-title-normal\"><span class=\"section-title-main\">\u0110\u00f3ng\/ m\u1edf r\u00e8m c\u1eeda b\u1eb1ng smartphone<\/span><\/h1>\n<\/div>\n<p>H\u1ec7 th\u1ed1ng r\u00e8m \u0111\u01b0\u1ee3c k\u1ebft n\u1ed1i v\u00e0o h\u1ec7 sinh th\u00e1i Nh\u00e0 th\u00f4ng minh Lumi cho ph\u00e9p b\u1ea1n \u0111i\u1ec1u khi\u1ec3n m\u1ed9t c\u00e1ch ti\u1ec7n l\u1ee3i:<br \/>\u2013 \u0110\u00f3ng\/ m\u1edf r\u00e8m c\u1eeda ch\u1ec9 b\u1eb1ng nh\u1eefng \u0111\u1ed9ng t\u00e1c ch\u1ea1m \u2013 nh\u1ea3 tr\u00ean \u0111i\u1ec7n tho\u1ea1i th\u00f4ng minh.<br \/>\u2013 \u1ede t\u1ea7ng 1 v\u1eabn c\u00f3 th\u1ec3 m\u1edf c\u1eeda r\u00e8m t\u1ea7ng 2, t\u1ea7ng 3<br \/>\u2013 \u0110i du l\u1ecbch, c\u00f4ng t\u00e1c n\u01b0\u1edbc ngo\u00e0i v\u1eabn c\u00f3 th\u1ec3 ki\u1ec3m tra tr\u1ea1ng th\u00e1i to\u00e0n b\u1ed9 r\u00e8m \u1edf nh\u00e0<\/p>\n\t\t<\/div>\n\t\t\t<\/div>\n\n\t\n\n\t<div id=\"col-756657196\" class=\"col medium-6 small-12 large-6\"  >\n\t\t<div class=\"col-inner\"  >\n\t\t\t\n\t\t\t\n\t<div class=\"img has-hover x md-x lg-x y md-y lg-y\" id=\"image_119953549\">\n\t\t\t\t\t\t<div data-animate=\"flipInY\">\t\t<div class=\"img-inner dark\" >\n\t\t\t<img loading=\"lazy\" decoding=\"async\" width=\"534\" height=\"391\" src=\"https:\/\/nhathongminhcp.com\/wp-content\/uploads\/2021\/12\/dieu-khien-rem-cua-qua-dien-thoai.jpg\" class=\"attachment-large size-large\" alt=\"\" srcset=\"https:\/\/nhathongminhcp.com\/wp-content\/uploads\/2021\/12\/dieu-khien-rem-cua-qua-dien-thoai.jpg 534w, https:\/\/nhathongminhcp.com\/wp-content\/uploads\/2021\/12\/dieu-khien-rem-cua-qua-dien-thoai-300x220.jpg 300w\" sizes=\"auto, (max-width: 534px) 100vw, 534px\" \/>\t\t\t\t\t\t\n\t\t\t\t\t<\/div>\n\t\t<\/div>\t\t\t\t\t\t\n<style>\n#image_119953549 {\n  width: 100%;\n}\n<\/style>\n\t<\/div>\n\t\n\t\t<\/div>\n\t\t\t<\/div>\n\n\t\n<\/div>\n<div class=\"row align-middle align-center\"  id=\"row-518922212\">\n\n\t<div id=\"col-1774252943\" class=\"col medium-6 small-12 large-6\"  >\n\t\t<div class=\"col-inner\"  >\n\t\t\t\n\t\t\t\n<div class=\"container section-title-container h1-title after-title\">\n<div class=\"container section-title-container h1-title after-title\">\n<h2 class=\"section-title section-title-normal\"><span class=\"section-title-main\">\u0110i\u1ec1u khi\u1ec3n tr\u1ea1ng th\u00e1i r\u00e8m b\u1eb1ng gi\u1ecdng n\u00f3i<\/span><\/h2>\n<\/div>\n<p>V\u1edbi vi\u1ec7c m\u1edf c\u1ed5ng k\u1ebft n\u1ed1i th\u00e0nh c\u00f4ng c\u00e1c s\u1ea3n ph\u1ea9m c\u1ee7a nh\u00e0 th\u00f4ng minh Lumi v\u1edbi Google Assistant, Alexa v\u00e0 Siri, gi\u1edd \u0111\u00e2y ng\u01b0\u1eddi d\u00f9ng c\u00f3 th\u1ec3 s\u1eed d\u1ee5ng gi\u1ecdng n\u00f3i c\u1ee7a m\u00ecnh \u0111\u1ec3 \u0111i\u1ec1u khi\u1ec3n r\u00e8m c\u1eeda theo \u00fd mu\u1ed1n. M\u1ed7i bu\u1ed5i t\u1ed1i tr\u01b0\u1edbc khi \u0111i ng\u1ee7, b\u1ea1n ch\u1ec9 c\u1ea7n n\u00f3i \u201cAlexa! Close all curtains\u201d l\u00e0 t\u1ea5t c\u1ea3 r\u00e8m c\u1eeda trong nh\u00e0 s\u1ebd \u0111\u01b0\u1ee3c \u0111\u00f3ng l\u1ea1i, h\u1ea1n ch\u1ebf t\u00ecnh tr\u1ea1ng qu\u00ean \u0111\u00f3ng r\u00e8m do s\u01a1 su\u1ea5t<\/p>\n<\/div>\n\t\t<\/div>\n\t\t\t<\/div>\n\n\t\n\n\t<div id=\"col-1434338925\" class=\"col medium-6 small-12 large-6\"  >\n\t\t<div class=\"col-inner\"  >\n\t\t\t\n\t\t\t\n\t<div class=\"img has-hover x md-x lg-x y md-y lg-y\" id=\"image_1747434865\">\n\t\t\t\t\t\t<div data-animate=\"flipInY\">\t\t<div class=\"img-inner dark\" >\n\t\t\t<img loading=\"lazy\" decoding=\"async\" width=\"780\" height=\"483\" src=\"https:\/\/nhathongminhcp.com\/wp-content\/uploads\/2021\/12\/dieu-khien-rem-qua-giong-noi-1.jpg\" class=\"attachment-large size-large\" alt=\"\" srcset=\"https:\/\/nhathongminhcp.com\/wp-content\/uploads\/2021\/12\/dieu-khien-rem-qua-giong-noi-1.jpg 780w, https:\/\/nhathongminhcp.com\/wp-content\/uploads\/2021\/12\/dieu-khien-rem-qua-giong-noi-1-300x186.jpg 300w, https:\/\/nhathongminhcp.com\/wp-content\/uploads\/2021\/12\/dieu-khien-rem-qua-giong-noi-1-768x476.jpg 768w\" sizes=\"auto, (max-width: 780px) 100vw, 780px\" \/>\t\t\t\t\t\t\n\t\t\t\t\t<\/div>\n\t\t<\/div>\t\t\t\t\t\t\n<style>\n#image_1747434865 {\n  width: 100%;\n}\n<\/style>\n\t<\/div>\n\t\n\t\t<\/div>\n\t\t\t<\/div>\n\n\t\n<\/div>\n<div class=\"row align-middle align-center\"  id=\"row-1072334479\">\n\n\t<div id=\"col-1155080874\" class=\"col medium-6 small-12 large-6\"  >\n\t\t<div class=\"col-inner\"  >\n\t\t\t\n\t\t\t\n<div class=\"container section-title-container h1-title after-title\">\n<div class=\"container section-title-container h1-title after-title\">\n<div class=\"container section-title-container h1-title after-title\">\n<h2 class=\"section-title section-title-normal\"><span class=\"section-title-main\">H\u1eb9n gi\u1edd \u0111\u00f3ng\/ m\u1edf r\u00e8m<\/span><\/h2>\n<\/div>\n<p>Ngo\u00e0i vi\u1ec7c d\u00f9ng Smartphone hay gi\u1ecdng n\u00f3i \u0111\u1ec3 \u0111i\u1ec1u khi\u1ec3n r\u00e8m c\u1eeda, ch\u1ee7 nh\u00e0 c\u00f2n c\u00f3 th\u1ec3 c\u00e0i \u0111\u1eb7t th\u1eddi gian \u0111\u00f3ng\/ m\u1edf r\u00e8m c\u1eeda v\u00e0o nh\u1eefng th\u1eddi gian nh\u1ea5t \u0111\u1ecbnh trong ng\u00e0y:<br \/>\u2013 6h30 s\u00e1ng, to\u00e0n b\u1ed9 r\u00e8m c\u1eeda \u0111\u1ec1u \u0111\u01b0\u1ee3c m\u1edf \u0111\u00e1nh th\u1ee9c c\u1ea3 nh\u00e0<br \/>\u2013 22h30 \u0111\u00eam, t\u1ea5t c\u1ea3 r\u00e8m \u0111\u00f3ng l\u1ea1i<\/p>\n<\/div>\n<\/div>\n\t\t<\/div>\n\t\t\t<\/div>\n\n\t\n\n\t<div id=\"col-577223992\" class=\"col medium-6 small-12 large-6\"  >\n\t\t<div class=\"col-inner\"  >\n\t\t\t\n\t\t\t\n\t<div class=\"img has-hover x md-x lg-x y md-y lg-y\" id=\"image_301713096\">\n\t\t\t\t\t\t<div data-animate=\"flipInY\">\t\t<div class=\"img-inner dark\" >\n\t\t\t<img loading=\"lazy\" decoding=\"async\" width=\"534\" height=\"351\" src=\"https:\/\/nhathongminhcp.com\/wp-content\/uploads\/2021\/12\/hen-gio-dong-mo-rem.jpg\" class=\"attachment-large size-large\" alt=\"\" srcset=\"https:\/\/nhathongminhcp.com\/wp-content\/uploads\/2021\/12\/hen-gio-dong-mo-rem.jpg 534w, https:\/\/nhathongminhcp.com\/wp-content\/uploads\/2021\/12\/hen-gio-dong-mo-rem-300x197.jpg 300w\" sizes=\"auto, (max-width: 534px) 100vw, 534px\" \/>\t\t\t\t\t\t\n\t\t\t\t\t<\/div>\n\t\t<\/div>\t\t\t\t\t\t\n<style>\n#image_301713096 {\n  width: 100%;\n}\n<\/style>\n\t<\/div>\n\t\n\t\t<\/div>\n\t\t\t<\/div>\n\n\t\n<\/div>\n<div class=\"row align-middle align-center\"  id=\"row-1554686866\">\n\n\t<div id=\"col-1743490720\" class=\"col medium-6 small-12 large-6\"  >\n\t\t<div class=\"col-inner\"  >\n\t\t\t\n\t\t\t\n<div class=\"container section-title-container h1-title after-title\">\n<div class=\"container section-title-container h1-title after-title\">\n<div class=\"container section-title-container h1-title after-title\">\n<div class=\"container section-title-container h1-title after-title\">\n<h2 class=\"section-title section-title-normal\"><span class=\"section-title-main\">T\u00edch h\u1ee3p v\u00e0o c\u00e1c k\u1ecbch b\u1ea3n s\u1ed1ng ti\u1ec7n \u00edch<\/span><\/h2>\n<\/div>\n<p>V\u1edbi vi\u1ec7c l\u1eafp \u0111\u1eb7t r\u00e8m c\u1eeda t\u1ef1 \u0111\u1ed9ng c\u00f9ng c\u00e1c gi\u1ea3i ph\u00e1p th\u00f4ng minh kh\u00e1c, ch\u1ee7 nh\u00e0 c\u00f3 th\u1ec3 t\u1ea1o ra nhi\u1ec1u k\u1ecbch b\u1ea3n kh\u00e1c nhau khi\u1ebfn nhi\u1ec1u thi\u1ebft b\u1ecb th\u00f4ng minh c\u00f9ng ho\u1ea1t \u0111\u1ed9ng 1 l\u00fac, t\u1ea1o ra kh\u00f4ng gian ph\u00f9 h\u1ee3p cho t\u1eebng nh\u1ecbp s\u1ed1ng.<\/p>\n<p>\u2013 K\u00edch ho\u1ea1t k\u1ecbch b\u1ea3n \u201c\u0110i ng\u1ee7\u201d: to\u00e0n b\u1ed9 r\u00e8m c\u1eeda s\u1ebd t\u1ef1 \u0111\u1ed9ng \u0111\u00f3ng l\u1ea1i, \u0111\u00e8n ph\u00f2ng s\u1ebd gi\u1ea3m d\u1ea7n \u0111\u1ed9 s\u00e1ng \u0111\u1ebfn l\u00fac t\u1eaft h\u1eb3n, h\u1ec7 th\u1ed1ng \u00e2m thanh ph\u00e1t nh\u1eefng b\u1ea3n nh\u1ea1c nh\u1eb9 nh\u00e0ng \u0111\u01b0a ch\u1ee7 nh\u00e0 \u0111i v\u00e0o gi\u1ea5c ng\u1ee7.<\/p>\n<\/div>\n<\/div>\n<\/div>\n\t\t<\/div>\n\t\t\t<\/div>\n\n\t\n\n\t<div id=\"col-1421652432\" class=\"col medium-6 small-12 large-6\"  >\n\t\t<div class=\"col-inner\"  >\n\t\t\t\n\t\t\t\n\t<div class=\"img has-hover x md-x lg-x y md-y lg-y\" id=\"image_1883445966\">\n\t\t\t\t\t\t<div data-animate=\"flipInY\">\t\t<div class=\"img-inner dark\" >\n\t\t\t<img loading=\"lazy\" decoding=\"async\" width=\"534\" height=\"391\" src=\"https:\/\/nhathongminhcp.com\/wp-content\/uploads\/2021\/12\/rem-cua-tich-hop-kich-ban.jpg\" class=\"attachment-large size-large\" alt=\"\" srcset=\"https:\/\/nhathongminhcp.com\/wp-content\/uploads\/2021\/12\/rem-cua-tich-hop-kich-ban.jpg 534w, https:\/\/nhathongminhcp.com\/wp-content\/uploads\/2021\/12\/rem-cua-tich-hop-kich-ban-300x220.jpg 300w\" sizes=\"auto, (max-width: 534px) 100vw, 534px\" \/>\t\t\t\t\t\t\n\t\t\t\t\t<\/div>\n\t\t<\/div>\t\t\t\t\t\t\n<style>\n#image_1883445966 {\n  width: 100%;\n}\n<\/style>\n\t<\/div>\n\t\n\t\t<\/div>\n\t\t\t<\/div>\n\n\t\n<\/div>\n\t\t<\/div>\n\n\t\t\n<style>\n#section_1123411054 {\n  padding-top: 30px;\n  padding-bottom: 30px;\n}\n<\/style>\n\t<\/section>\n\t\n","protected":false},"excerpt":{"rendered":"","protected":false},"author":1,"featured_media":0,"parent":0,"menu_order":0,"comment_status":"closed","ping_status":"closed","template":"","meta":{"footnotes":""},"yst_prominent_words":[],"class_list":["post-256","page","type-page","status-publish","hentry"],"_links":{"self":[{"href":"https:\/\/nhathongminhcp.com\/index.php\/wp-json\/wp\/v2\/pages\/256","targetHints":{"allow":["GET"]}}],"collection":[{"href":"https:\/\/nhathongminhcp.com\/index.php\/wp-json\/wp\/v2\/pages"}],"about":[{"href":"https:\/\/nhathongminhcp.com\/index.php\/wp-json\/wp\/v2\/types\/page"}],"author":[{"embeddable":true,"href":"https:\/\/nhathongminhcp.com\/index.php\/wp-json\/wp\/v2\/users\/1"}],"replies":[{"embeddable":true,"href":"https:\/\/nhathongminhcp.com\/index.php\/wp-json\/wp\/v2\/comments?post=256"}],"version-history":[{"count":7,"href":"https:\/\/nhathongminhcp.com\/index.php\/wp-json\/wp\/v2\/pages\/256\/revisions"}],"predecessor-version":[{"id":268,"href":"https:\/\/nhathongminhcp.com\/index.php\/wp-json\/wp\/v2\/pages\/256\/revisions\/268"}],"wp:attachment":[{"href":"https:\/\/nhathongminhcp.com\/index.php\/wp-json\/wp\/v2\/media?parent=256"}],"wp:term":[{"taxonomy":"yst_prominent_words","embeddable":true,"href":"https:\/\/nhathongminhcp.com\/index.php\/wp-json\/wp\/v2\/yst_prominent_words?post=256"}],"curies":[{"name":"wp","href":"https:\/\/api.w.org\/{rel}","templated":true}]}}