{"id":270,"date":"2021-12-24T19:08:56","date_gmt":"2021-12-24T12:08:56","guid":{"rendered":"https:\/\/nhathongminhcp.com\/?page_id=270"},"modified":"2021-12-24T19:18:36","modified_gmt":"2021-12-24T12:18:36","slug":"dieu-khien-tv-dieu-hoa-quat-thong-minh","status":"publish","type":"page","link":"https:\/\/nhathongminhcp.com\/index.php\/dieu-khien-tv-dieu-hoa-quat-thong-minh\/","title":{"rendered":"\u0110i\u1ec1u khi\u1ec3n TV, \u0111i\u1ec1u h\u00f2a, qu\u1ea1t th\u00f4ng minh"},"content":{"rendered":"\t<section class=\"section\" id=\"section_724803732\">\n\t\t<div class=\"bg section-bg fill bg-fill  bg-loaded\" >\n\n\t\t\t\n\t\t\t\n\t\t\t\n\n\t\t<\/div>\n\n\t\t<div class=\"section-content relative\">\n\t\t\t\n\t<div class=\"img has-hover x md-x lg-x y md-y lg-y\" id=\"image_2112751069\">\n\t\t\t\t\t\t\t\t<div class=\"img-inner dark\" >\n\t\t\t<img loading=\"lazy\" decoding=\"async\" width=\"1020\" height=\"378\" src=\"https:\/\/nhathongminhcp.com\/wp-content\/uploads\/2021\/12\/banner-dieu-khien-tv-1024x379.jpg\" class=\"attachment-large size-large\" alt=\"\" srcset=\"https:\/\/nhathongminhcp.com\/wp-content\/uploads\/2021\/12\/banner-dieu-khien-tv-1024x379.jpg 1024w, https:\/\/nhathongminhcp.com\/wp-content\/uploads\/2021\/12\/banner-dieu-khien-tv-300x111.jpg 300w, https:\/\/nhathongminhcp.com\/wp-content\/uploads\/2021\/12\/banner-dieu-khien-tv-768x284.jpg 768w, https:\/\/nhathongminhcp.com\/wp-content\/uploads\/2021\/12\/banner-dieu-khien-tv.jpg 1349w\" sizes=\"auto, (max-width: 1020px) 100vw, 1020px\" \/>\t\t\t\t\t\t\n\t\t\t\t\t<\/div>\n\t\t\t\t\t\t\t\t\n<style>\n#image_2112751069 {\n  width: 100%;\n}\n<\/style>\n\t<\/div>\n\t\n<div class=\"row\"  id=\"row-1544067028\">\n\n\t<div id=\"col-524240720\" class=\"col small-12 large-12\"  >\n\t\t<div class=\"col-inner\"  >\n\t\t\t\n\t\t\t\n<h1 class=\"text-large\"><strong>\u0110i\u1ec1u khi\u1ec3n TV, \u0111i\u1ec1u h\u00f2a, qu\u1ea1t th\u00f4ng minh<\/strong><\/h1>\n<p>V\u1edbi gi\u1ea3i ph\u00e1p th\u00f4ng minh cho \u0111i\u1ec1u h\u00f2a, tivi, nh\u1eefng chi\u1ebfc \u0111i\u1ec1u khi\u1ec3n \u0111\u1ec1u tr\u1edf n\u00ean v\u00f4 ngh\u0129a. T\u1ea5t c\u1ea3 nh\u1eefng g\u00ec b\u1ea1n c\u1ea7n l\u00e0 m\u1ed9t chi\u1ebfc Smartphone \u0111\u1ec3 \u0111i\u1ec1u khi\u1ec3n c\u00e1c thi\u1ebft b\u1ecb tr\u00ean<\/p>\n\t\t<\/div>\n\t\t\t<\/div>\n\n\t\n<\/div>\n<div class=\"row align-middle align-center\"  id=\"row-11906273\">\n\n\t<div id=\"col-823404249\" class=\"col medium-6 small-12 large-6\"  >\n\t\t<div class=\"col-inner\"  >\n\t\t\t\n\t\t\t\n<div class=\"container section-title-container h1-title after-title\">\n<h1 class=\"section-title section-title-normal\"><span class=\"section-title-main\">\u0110i\u1ec1u khi\u1ec3n \u0111i\u1ec1u h\u00f2a, ti vi, qu\u1ea1t \u0111i\u1ec7n b\u1eb1ng smartphone<\/span><\/h1>\n<\/div>\n<p>C\u00f4ng ngh\u1ec7 k\u1ebft n\u1ed1i kh\u00f4ng d\u00e2y Zigbee c\u00f9ng b\u1ed9 \u0111i\u1ec1u khi\u1ec3n h\u1ed3ng ngo\u1ea1i cho ph\u00e9p \u0111i\u1ec1u khi\u1ec3n b\u1eadt\/ t\u1eaft tivi, \u0111i\u1ec1u h\u00f2a v\u00e0 \u0111i\u1ec1u ch\u1ec9nh cho ph\u00f9 h\u1ee3p v\u1edbi nhu c\u1ea7u ng\u01b0\u1eddi d\u00f9ng. B\u1ed9 \u0111i\u1ec1u khi\u1ec3n h\u1ed3ng ngo\u1ea1i \u0111\u1ecdc \u0111\u01b0\u1ee3c g\u1ea7n 400 l\u1ec7nh t\u1eeb c\u00e1c h\u00e3ng Tivi v\u00e0 \u0111i\u1ec1u h\u00f2a th\u00f4ng d\u1ee5ng cho ph\u00e9p t\u00edch h\u1ee3p nhanh ch\u00f3ng c\u00e1c thi\u1ebft b\u1ecb c\u00f3 s\u1eb5n trong nh\u00e0 m\u00e0 kh\u00f4ng c\u1ea7n mua m\u1edbi<\/p>\n\t\t<\/div>\n\t\t\t<\/div>\n\n\t\n\n\t<div id=\"col-307512280\" class=\"col medium-6 small-12 large-6\"  >\n\t\t<div class=\"col-inner\"  >\n\t\t\t\n\t\t\t\n\t<div class=\"img has-hover x md-x lg-x y md-y lg-y\" id=\"image_1762634526\">\n\t\t\t\t\t\t\t\t<div class=\"img-inner dark\" >\n\t\t\t<img loading=\"lazy\" decoding=\"async\" width=\"534\" height=\"391\" src=\"https:\/\/nhathongminhcp.com\/wp-content\/uploads\/2021\/12\/dieu-khien-dieu-hoa-smartphone.jpg\" class=\"attachment-large size-large\" alt=\"\" srcset=\"https:\/\/nhathongminhcp.com\/wp-content\/uploads\/2021\/12\/dieu-khien-dieu-hoa-smartphone.jpg 534w, https:\/\/nhathongminhcp.com\/wp-content\/uploads\/2021\/12\/dieu-khien-dieu-hoa-smartphone-300x220.jpg 300w\" sizes=\"auto, (max-width: 534px) 100vw, 534px\" \/>\t\t\t\t\t\t\n\t\t\t\t\t<\/div>\n\t\t\t\t\t\t\t\t\n<style>\n#image_1762634526 {\n  width: 100%;\n}\n<\/style>\n\t<\/div>\n\t\n\t\t<\/div>\n\t\t\t<\/div>\n\n\t\n<\/div>\n<div class=\"row align-middle align-center\"  id=\"row-1096345746\">\n\n\t<div id=\"col-260990373\" class=\"col medium-6 small-12 large-6\"  >\n\t\t<div class=\"col-inner\"  >\n\t\t\t\n\t\t\t\n<div class=\"container section-title-container h1-title after-title\">\n<h2 class=\"section-title section-title-normal\"><span class=\"section-title-main\">B\u1eadt t\u1eaft \u0111i\u1ec1u h\u00f2a, ti vi b\u1eb1ng gi\u1ecdng n\u00f3i<\/span><\/h2>\n<\/div>\n<p>Ch\u1ee7 nh\u00e0 c\u00f3 th\u1ec3 tr\u1ea3i nghi\u1ec7m s\u1ef1 quy\u1ec1n n\u0103ng c\u1ee7a gi\u1ecdng n\u00f3i th\u00f4ng qua c\u00e1c tr\u1ee3 l\u00fd \u1ea3o nh\u01b0 Google Assistant, Siri, Alexa:<br \/>\u201cOK Google! Turn on television\u201d<br \/>\u201cHey Siri! Turn on air-conditioner\u201d<\/p>\n\t\t<\/div>\n\t\t\t<\/div>\n\n\t\n\n\t<div id=\"col-97208272\" class=\"col medium-6 small-12 large-6\"  >\n\t\t<div class=\"col-inner\"  >\n\t\t\t\n\t\t\t\n\t<div class=\"img has-hover x md-x lg-x y md-y lg-y\" id=\"image_501867787\">\n\t\t\t\t\t\t\t\t<div class=\"img-inner dark\" >\n\t\t\t<img loading=\"lazy\" decoding=\"async\" width=\"534\" height=\"351\" src=\"https:\/\/nhathongminhcp.com\/wp-content\/uploads\/2021\/12\/ok-google-bat-tivi-1.jpg\" class=\"attachment-large size-large\" alt=\"\" srcset=\"https:\/\/nhathongminhcp.com\/wp-content\/uploads\/2021\/12\/ok-google-bat-tivi-1.jpg 534w, https:\/\/nhathongminhcp.com\/wp-content\/uploads\/2021\/12\/ok-google-bat-tivi-1-300x197.jpg 300w\" sizes=\"auto, (max-width: 534px) 100vw, 534px\" \/>\t\t\t\t\t\t\n\t\t\t\t\t<\/div>\n\t\t\t\t\t\t\t\t\n<style>\n#image_501867787 {\n  width: 100%;\n}\n<\/style>\n\t<\/div>\n\t\n\t\t<\/div>\n\t\t\t<\/div>\n\n\t\n<\/div>\n<div class=\"row align-middle align-center\"  id=\"row-1645693638\">\n\n\t<div id=\"col-238761399\" class=\"col medium-6 small-12 large-6\"  >\n\t\t<div class=\"col-inner\"  >\n\t\t\t\n\t\t\t\n<div class=\"container section-title-container h1-title after-title\">\n<h2 class=\"section-title section-title-normal\"><span class=\"section-title-main\">T\u00edch h\u1ee3p v\u00e0o c\u00e1c k\u1ecbch b\u1ea3n s\u1ed1ng ti\u1ec7n \u00edch<\/span><\/h2>\n<\/div>\n<p>Tr\u00ean app Lumi Life c\u1ee7a ch\u1ee7 nh\u00e0 th\u00f4ng minh Lumi s\u1ebd th\u01b0\u1eddng xuy\u00ean c\u1eadp nh\u1eadt c\u00e1c th\u00f4ng s\u1ed1 v\u1ec1 th\u1eddi ti\u1ebft nh\u01b0 nhi\u1ec7t \u0111\u1ed9, \u00e1nh s\u00e1ng, \u0111\u1ed9 \u1ea9m. Ch\u1ee7 nh\u00e0 c\u00f3 th\u1ec3 c\u00e0i \u0111\u1eb7t theo k\u1ecbch b\u1ea3n sau \u0111\u1ec3 t\u1ed1i \u01b0u c\u00e1c tr\u1ea3i nghi\u1ec7m ti\u1ec7n \u00edch v\u1edbi nh\u00e0 th\u00f4ng minh Lumi:<br \/>\u2013 N\u1ebfu \u0111\u1ed9 \u1ea9m kh\u00f4ng kh\u00ed &gt;80%, \u0111i\u1ec1u h\u00f2a s\u1ebd t\u1ef1 \u0111\u1ed9ng b\u1eadt \u0111\u1ec3 kh\u1eed \u1ea9m, gi\u1eef cho<\/p>\n\t\t<\/div>\n\t\t\t<\/div>\n\n\t\n\n\t<div id=\"col-1065885580\" class=\"col medium-6 small-12 large-6\"  >\n\t\t<div class=\"col-inner\"  >\n\t\t\t\n\t\t\t\n\t<div class=\"img has-hover x md-x lg-x y md-y lg-y\" id=\"image_45841321\">\n\t\t\t\t\t\t\t\t<div class=\"img-inner dark\" >\n\t\t\t<img loading=\"lazy\" decoding=\"async\" width=\"534\" height=\"391\" src=\"https:\/\/nhathongminhcp.com\/wp-content\/uploads\/2021\/12\/dieuhoatichhopsongtienich.jpg\" class=\"attachment-large size-large\" alt=\"\" srcset=\"https:\/\/nhathongminhcp.com\/wp-content\/uploads\/2021\/12\/dieuhoatichhopsongtienich.jpg 534w, https:\/\/nhathongminhcp.com\/wp-content\/uploads\/2021\/12\/dieuhoatichhopsongtienich-300x220.jpg 300w\" sizes=\"auto, (max-width: 534px) 100vw, 534px\" \/>\t\t\t\t\t\t\n\t\t\t\t\t<\/div>\n\t\t\t\t\t\t\t\t\n<style>\n#image_45841321 {\n  width: 100%;\n}\n<\/style>\n\t<\/div>\n\t\n\t\t<\/div>\n\t\t\t<\/div>\n\n\t\n<\/div>\n\t\t<\/div>\n\n\t\t\n<style>\n#section_724803732 {\n  padding-top: 30px;\n  padding-bottom: 30px;\n}\n<\/style>\n\t<\/section>\n\t\n","protected":false},"excerpt":{"rendered":"","protected":false},"author":1,"featured_media":0,"parent":0,"menu_order":0,"comment_status":"closed","ping_status":"closed","template":"","meta":{"footnotes":""},"yst_prominent_words":[],"class_list":["post-270","page","type-page","status-publish","hentry"],"_links":{"self":[{"href":"https:\/\/nhathongminhcp.com\/index.php\/wp-json\/wp\/v2\/pages\/270","targetHints":{"allow":["GET"]}}],"collection":[{"href":"https:\/\/nhathongminhcp.com\/index.php\/wp-json\/wp\/v2\/pages"}],"about":[{"href":"https:\/\/nhathongminhcp.com\/index.php\/wp-json\/wp\/v2\/types\/page"}],"author":[{"embeddable":true,"href":"https:\/\/nhathongminhcp.com\/index.php\/wp-json\/wp\/v2\/users\/1"}],"replies":[{"embeddable":true,"href":"https:\/\/nhathongminhcp.com\/index.php\/wp-json\/wp\/v2\/comments?post=270"}],"version-history":[{"count":7,"href":"https:\/\/nhathongminhcp.com\/index.php\/wp-json\/wp\/v2\/pages\/270\/revisions"}],"predecessor-version":[{"id":281,"href":"https:\/\/nhathongminhcp.com\/index.php\/wp-json\/wp\/v2\/pages\/270\/revisions\/281"}],"wp:attachment":[{"href":"https:\/\/nhathongminhcp.com\/index.php\/wp-json\/wp\/v2\/media?parent=270"}],"wp:term":[{"taxonomy":"yst_prominent_words","embeddable":true,"href":"https:\/\/nhathongminhcp.com\/index.php\/wp-json\/wp\/v2\/yst_prominent_words?post=270"}],"curies":[{"name":"wp","href":"https:\/\/api.w.org\/{rel}","templated":true}]}}