{"id":284,"date":"2021-12-24T19:20:31","date_gmt":"2021-12-24T12:20:31","guid":{"rendered":"https:\/\/nhathongminhcp.com\/?page_id=284"},"modified":"2021-12-24T19:28:23","modified_gmt":"2021-12-24T12:28:23","slug":"bat-tat-binh-nong-lanh-thong-minh","status":"publish","type":"page","link":"https:\/\/nhathongminhcp.com\/index.php\/bat-tat-binh-nong-lanh-thong-minh\/","title":{"rendered":"B\u1eadt\/ T\u1eaft b\u00ecnh n\u00f3ng l\u1ea1nh th\u00f4ng minh"},"content":{"rendered":"\t<section class=\"section\" id=\"section_1222351917\">\n\t\t<div class=\"bg section-bg fill bg-fill  bg-loaded\" >\n\n\t\t\t\n\t\t\t\n\t\t\t\n\n\t\t<\/div>\n\n\t\t<div class=\"section-content relative\">\n\t\t\t\n<div class=\"row\"  id=\"row-1672985754\">\n\n\t<div id=\"col-1965280533\" class=\"col small-12 large-12\"  >\n\t\t<div class=\"col-inner\"  >\n\t\t\t\n\t\t\t\n<h1 class=\"text-large\"><strong>B\u1eadt\/ T\u1eaft b\u00ecnh n\u00f3ng l\u1ea1nh th\u00f4ng minh<br \/><\/strong><\/h1>\n<p>V\u1edbi gi\u1ea3i ph\u00e1p th\u00f4ng minh cho b\u00ecnh n\u00f3ng l\u1ea1nh, b\u1ea1n s\u1ebd kh\u00f4ng c\u1ea7n ph\u1ea3i m\u1ea5t th\u1eddi gian ch\u1edd \u0111\u1ee3i. Thay v\u00e0o \u0111\u00f3, b\u00ecnh n\u00f3ng l\u1ea1nh s\u1ebd \u0111\u01b0\u1ee3c b\u1eadt tr\u01b0\u1edbc khi b\u1ea1n v\u1ec1 nh\u00e0 th\u00f4ng qua Smartphone<\/p>\n\t\t<\/div>\n\t\t\t<\/div>\n\n\t\n<\/div>\n<div class=\"row align-middle align-center\"  id=\"row-1515476382\">\n\n\t<div id=\"col-912979600\" class=\"col medium-6 small-12 large-6\"  >\n\t\t<div class=\"col-inner\"  >\n\t\t\t\n\t\t\t\n<div class=\"container section-title-container h1-title after-title\">\n<h1 class=\"section-title section-title-normal\"><span class=\"section-title-main\">B\u1eadt\/ t\u1eaft b\u00ecnh n\u00f3ng l\u1ea1nh b\u1eb1ng smartphone<\/span><\/h1>\n<\/div>\n<p>N\u1eb1m trong b\u1ed9 gi\u1ea3i ph\u00e1p to\u00e0n di\u1ec7n nh\u00e0 th\u00f4ng minh Lumi, ch\u1ee7 nh\u00e0 kh\u00f4ng c\u1ea7n ph\u1ea3i b\u1eadt\/ t\u1eaft tr\u1ef1c ti\u1ebfp b\u00ecnh n\u00f3ng l\u1ea1nh t\u1ea1i v\u1ecb tr\u00ed c\u00f4ng t\u1eafc. Ch\u1ec9 c\u1ea7n \u0111i\u1ec7n tho\u1ea1i \u0111\u01b0\u1ee3c c\u00e0i \u0111\u1eb7t app Lumi Life, ch\u1ee7 nh\u00e0 c\u00f3 th\u1ec3 d\u1ec5 d\u00e0ng b\u1eadt b\u00ecnh n\u00f3ng l\u1ea1nh \u1edf nh\u00e0 ngay c\u1ea3 khi \u0111ang \u1edf n\u01a1i l\u00e0m vi\u1ec7c<\/p>\n\t\t<\/div>\n\t\t\t<\/div>\n\n\t\n\n\t<div id=\"col-2031227660\" class=\"col medium-6 small-12 large-6\"  >\n\t\t<div class=\"col-inner\"  >\n\t\t\t\n\t\t\t\n\t<div class=\"img has-hover x md-x lg-x y md-y lg-y\" id=\"image_374485921\">\n\t\t\t\t\t\t\t\t<div class=\"img-inner dark\" >\n\t\t\t<img loading=\"lazy\" decoding=\"async\" width=\"534\" height=\"391\" src=\"https:\/\/nhathongminhcp.com\/wp-content\/uploads\/2021\/12\/dieu-khien-nong-lanh-qua-dt.jpg\" class=\"attachment-large size-large\" alt=\"\" srcset=\"https:\/\/nhathongminhcp.com\/wp-content\/uploads\/2021\/12\/dieu-khien-nong-lanh-qua-dt.jpg 534w, https:\/\/nhathongminhcp.com\/wp-content\/uploads\/2021\/12\/dieu-khien-nong-lanh-qua-dt-300x220.jpg 300w\" sizes=\"auto, (max-width: 534px) 100vw, 534px\" \/>\t\t\t\t\t\t\n\t\t\t\t\t<\/div>\n\t\t\t\t\t\t\t\t\n<style>\n#image_374485921 {\n  width: 100%;\n}\n<\/style>\n\t<\/div>\n\t\n\t\t<\/div>\n\t\t\t<\/div>\n\n\t\n<\/div>\n<div class=\"row align-middle align-center\"  id=\"row-439690945\">\n\n\t<div id=\"col-141909909\" class=\"col medium-6 small-12 large-6\"  >\n\t\t<div class=\"col-inner\"  >\n\t\t\t\n\t\t\t\n<div class=\"container section-title-container h1-title after-title\">\n<h2 class=\"section-title section-title-normal\"><span class=\"section-title-main\">\u0110i\u1ec1u khi\u1ec3n b\u1eb1ng gi\u1ecdng n\u00f3i<\/span><\/h2>\n<\/div>\n<p>T\u00edch h\u1ee3p c\u00e1c tr\u1ee3 l\u00fd \u1ea3o Google Assistant, Amazon Alexa, Siri, ch\u1ee9c n\u0103ng \u0111i\u1ec1u khi\u1ec3n b\u1eb1ng gi\u1ecdng n\u00f3i s\u1ebd tr\u1edf n\u00ean v\u00f4 c\u00f9ng c\u00f3 \u00edch khi b\u1ea1n \u0111ang d\u1edf tay l\u00e0m b\u1ebfp \u1edf t\u1ea7ng 1 m\u00e0 v\u1eabn mu\u1ed1n b\u1eadt b\u00ecnh n\u00f3ng l\u1ea1nh \u1edf t\u1ea7ng 2, t\u1ea7ng 3 ch\u1ec9 v\u1edbi n\u00f3i \u201cHey Siri! Turn on the water heater<\/p>\n\t\t<\/div>\n\t\t\t<\/div>\n\n\t\n\n\t<div id=\"col-1368631534\" class=\"col medium-6 small-12 large-6\"  >\n\t\t<div class=\"col-inner\"  >\n\t\t\t\n\t\t\t\n\t<div class=\"img has-hover x md-x lg-x y md-y lg-y\" id=\"image_1085471228\">\n\t\t\t\t\t\t\t\t<div class=\"img-inner dark\" >\n\t\t\t<img loading=\"lazy\" decoding=\"async\" width=\"431\" height=\"400\" src=\"https:\/\/nhathongminhcp.com\/wp-content\/uploads\/2021\/12\/dieu-khien-nong-lanh-qua-milo.jpg\" class=\"attachment-large size-large\" alt=\"\" srcset=\"https:\/\/nhathongminhcp.com\/wp-content\/uploads\/2021\/12\/dieu-khien-nong-lanh-qua-milo.jpg 431w, https:\/\/nhathongminhcp.com\/wp-content\/uploads\/2021\/12\/dieu-khien-nong-lanh-qua-milo-300x278.jpg 300w\" sizes=\"auto, (max-width: 431px) 100vw, 431px\" \/>\t\t\t\t\t\t\n\t\t\t\t\t<\/div>\n\t\t\t\t\t\t\t\t\n<style>\n#image_1085471228 {\n  width: 100%;\n}\n<\/style>\n\t<\/div>\n\t\n\t\t<\/div>\n\t\t\t<\/div>\n\n\t\n<\/div>\n<div class=\"row align-middle align-center\"  id=\"row-603327345\">\n\n\t<div id=\"col-474155815\" class=\"col medium-6 small-12 large-6\"  >\n\t\t<div class=\"col-inner\"  >\n\t\t\t\n\t\t\t\n<div class=\"container section-title-container h1-title after-title\">\n<h2 class=\"section-title section-title-normal\"><span class=\"section-title-main\">H\u1eb9n gi\u1edd b\u1eadt\/ t\u1eaft b\u00ecnh n\u00f3ng l\u1ea1nh<\/span><\/h2>\n<\/div>\n<p>N\u1ebfu gia \u0111\u00ecnh b\u1ea1n c\u00f3 th\u00f3i quen sinh ho\u1ea1t theo c\u1ed1 \u0111\u1ecbnh, b\u1ea1n ho\u00e0n to\u00e0n c\u00f3 th\u1ec3 s\u1eed d\u1ee5ng t\u00ednh n\u0103ng h\u1eb9n gi\u1edd \u0111\u1ec3 lu\u00f4n c\u00f3 n\u01b0\u1edbc \u1ea5m m\u1ed7i khi c\u1ea7n m\u00e0 v\u1eabn ti\u1ebft ki\u1ec7m \u0111i\u1ec7n n\u0103ng. V\u00ed d\u1ee5, n\u1ebfu gia \u0111\u00ecnh c\u00f3 th\u00f3i quen t\u1eafm v\u00e0o bu\u1ed5i s\u00e1ng l\u00fac 6h15, b\u1ea1n c\u00f3 th\u1ec3 c\u00e0i \u0111\u1eb7t b\u1eadt b\u00ecnh n\u00f3ng l\u1ea1nh v\u00e0o 5h45 m\u1ed7i s\u00e1ng v\u00e0 t\u1ef1 \u0111\u1ed9ng t\u1eaft v\u00e0o 6h45<\/p>\n\t\t<\/div>\n\t\t\t<\/div>\n\n\t\n\n\t<div id=\"col-1250082499\" class=\"col medium-6 small-12 large-6\"  >\n\t\t<div class=\"col-inner\"  >\n\t\t\t\n\t\t\t\n\t<div class=\"img has-hover x md-x lg-x y md-y lg-y\" id=\"image_892831750\">\n\t\t\t\t\t\t\t\t<div class=\"img-inner dark\" >\n\t\t\t<img loading=\"lazy\" decoding=\"async\" width=\"765\" height=\"483\" src=\"https:\/\/nhathongminhcp.com\/wp-content\/uploads\/2021\/12\/bat-binh-nong-lanh-thong-minh.jpg\" class=\"attachment-large size-large\" alt=\"\" srcset=\"https:\/\/nhathongminhcp.com\/wp-content\/uploads\/2021\/12\/bat-binh-nong-lanh-thong-minh.jpg 765w, https:\/\/nhathongminhcp.com\/wp-content\/uploads\/2021\/12\/bat-binh-nong-lanh-thong-minh-300x189.jpg 300w\" sizes=\"auto, (max-width: 765px) 100vw, 765px\" \/>\t\t\t\t\t\t\n\t\t\t\t\t<\/div>\n\t\t\t\t\t\t\t\t\n<style>\n#image_892831750 {\n  width: 100%;\n}\n<\/style>\n\t<\/div>\n\t\n\t\t<\/div>\n\t\t\t<\/div>\n\n\t\n<\/div>\n<div class=\"row align-middle align-center\"  id=\"row-543635979\">\n\n\t<div id=\"col-1969221301\" class=\"col medium-6 small-12 large-6\"  >\n\t\t<div class=\"col-inner\"  >\n\t\t\t\n\t\t\t\n<div class=\"container section-title-container h1-title after-title\">\n<div class=\"container section-title-container h1-title after-title\">\n<h2 class=\"section-title section-title-normal\"><span class=\"section-title-main\">T\u00edch h\u1ee3p trong c\u00e1c k\u1ecbch b\u1ea3n s\u1ed1ng ti\u1ec7n \u00edch<\/span><\/h2>\n<\/div>\n<p>Gi\u1ed1ng nh\u01b0 c\u00e1c gi\u1ea3i ph\u00e1p kh\u00e1c trong nh\u00e0 th\u00f4ng minh Lumi, b\u00ecnh n\u00f3ng l\u1ea1nh c\u00f3 th\u1ec3 ho\u1ea1t \u0111\u1ed9ng \u0111\u1ed3ng th\u1eddi c\u00f9ng c\u00e1c thi\u1ebft b\u1ecb th\u00f4ng minh kh\u00e1c \u0111\u1ec3 t\u1ea1o n\u00ean m\u1ed9t k\u1ecbch b\u1ea3n s\u1ed1ng ti\u1ec7n \u00edch cho gia \u0111\u00ecnh. V\u00ed d\u1ee5, ch\u1ec9 c\u1ea7n k\u00edch ho\u1ea1t k\u1ecbch b\u1ea3n \u201cV\u1ec1 nh\u00e0\u201d, c\u00f9ng v\u1edbi h\u1ec7 th\u1ed1ng t\u01b0\u1edbi s\u00e2n v\u01b0\u1eddn \u0111\u01b0\u1ee3c k\u00edch ho\u1ea1t, r\u00e8m c\u1eeda m\u1edf ra, \u0111i\u1ec1u h\u00f2a b\u1eadt l\u00ean th\u00ec b\u00ecnh n\u00f3ng l\u1ea1nh c\u0169ng \u0111\u01b0\u1ee3c b\u1eadt s\u1eb5n<\/p>\n<\/div>\n\t\t<\/div>\n\t\t\t<\/div>\n\n\t\n\n\t<div id=\"col-1763420826\" class=\"col medium-6 small-12 large-6\"  >\n\t\t<div class=\"col-inner\"  >\n\t\t\t\n\t\t\t\n\t<div class=\"img has-hover x md-x lg-x y md-y lg-y\" id=\"image_553080063\">\n\t\t\t\t\t\t\t\t<div class=\"img-inner dark\" >\n\t\t\t<img loading=\"lazy\" decoding=\"async\" width=\"1000\" height=\"667\" src=\"https:\/\/nhathongminhcp.com\/wp-content\/uploads\/2021\/12\/hen-gio-nong-lanh.jpg\" class=\"attachment-large size-large\" alt=\"\" srcset=\"https:\/\/nhathongminhcp.com\/wp-content\/uploads\/2021\/12\/hen-gio-nong-lanh.jpg 1000w, https:\/\/nhathongminhcp.com\/wp-content\/uploads\/2021\/12\/hen-gio-nong-lanh-300x200.jpg 300w, https:\/\/nhathongminhcp.com\/wp-content\/uploads\/2021\/12\/hen-gio-nong-lanh-768x512.jpg 768w\" sizes=\"auto, (max-width: 1000px) 100vw, 1000px\" \/>\t\t\t\t\t\t\n\t\t\t\t\t<\/div>\n\t\t\t\t\t\t\t\t\n<style>\n#image_553080063 {\n  width: 100%;\n}\n<\/style>\n\t<\/div>\n\t\n\t\t<\/div>\n\t\t\t<\/div>\n\n\t\n<\/div>\n\t\t<\/div>\n\n\t\t\n<style>\n#section_1222351917 {\n  padding-top: 30px;\n  padding-bottom: 30px;\n}\n<\/style>\n\t<\/section>\n\t\n","protected":false},"excerpt":{"rendered":"","protected":false},"author":1,"featured_media":0,"parent":0,"menu_order":0,"comment_status":"closed","ping_status":"closed","template":"","meta":{"footnotes":""},"yst_prominent_words":[],"class_list":["post-284","page","type-page","status-publish","hentry"],"_links":{"self":[{"href":"https:\/\/nhathongminhcp.com\/index.php\/wp-json\/wp\/v2\/pages\/284","targetHints":{"allow":["GET"]}}],"collection":[{"href":"https:\/\/nhathongminhcp.com\/index.php\/wp-json\/wp\/v2\/pages"}],"about":[{"href":"https:\/\/nhathongminhcp.com\/index.php\/wp-json\/wp\/v2\/types\/page"}],"author":[{"embeddable":true,"href":"https:\/\/nhathongminhcp.com\/index.php\/wp-json\/wp\/v2\/users\/1"}],"replies":[{"embeddable":true,"href":"https:\/\/nhathongminhcp.com\/index.php\/wp-json\/wp\/v2\/comments?post=284"}],"version-history":[{"count":3,"href":"https:\/\/nhathongminhcp.com\/index.php\/wp-json\/wp\/v2\/pages\/284\/revisions"}],"predecessor-version":[{"id":291,"href":"https:\/\/nhathongminhcp.com\/index.php\/wp-json\/wp\/v2\/pages\/284\/revisions\/291"}],"wp:attachment":[{"href":"https:\/\/nhathongminhcp.com\/index.php\/wp-json\/wp\/v2\/media?parent=284"}],"wp:term":[{"taxonomy":"yst_prominent_words","embeddable":true,"href":"https:\/\/nhathongminhcp.com\/index.php\/wp-json\/wp\/v2\/yst_prominent_words?post=284"}],"curies":[{"name":"wp","href":"https:\/\/api.w.org\/{rel}","templated":true}]}}