{"id":293,"date":"2021-12-24T19:30:43","date_gmt":"2021-12-24T12:30:43","guid":{"rendered":"https:\/\/nhathongminhcp.com\/?page_id=293"},"modified":"2021-12-24T19:41:17","modified_gmt":"2021-12-24T12:41:17","slug":"giai-phap-an-ninh-chong-trom-thong-minh","status":"publish","type":"page","link":"https:\/\/nhathongminhcp.com\/index.php\/giai-phap-an-ninh-chong-trom-thong-minh\/","title":{"rendered":"Gi\u1ea3i ph\u00e1p an ninh, ch\u1ed1ng tr\u1ed9m th\u00f4ng minh"},"content":{"rendered":"\t<section class=\"section\" id=\"section_1537103425\">\n\t\t<div class=\"bg section-bg fill bg-fill  bg-loaded\" >\n\n\t\t\t\n\t\t\t\n\t\t\t\n\n\t\t<\/div>\n\n\t\t<div class=\"section-content relative\">\n\t\t\t\n\t<div class=\"img has-hover x md-x lg-x y md-y lg-y\" id=\"image_964751130\">\n\t\t\t\t\t\t<div data-animate=\"flipInX\">\t\t<div class=\"img-inner dark\" >\n\t\t\t<img loading=\"lazy\" decoding=\"async\" width=\"1020\" height=\"378\" src=\"https:\/\/nhathongminhcp.com\/wp-content\/uploads\/2021\/12\/banner-an-ninh-slide-1-2048x758-1-1024x379.jpg\" class=\"attachment-large size-large\" alt=\"\" srcset=\"https:\/\/nhathongminhcp.com\/wp-content\/uploads\/2021\/12\/banner-an-ninh-slide-1-2048x758-1-1024x379.jpg 1024w, https:\/\/nhathongminhcp.com\/wp-content\/uploads\/2021\/12\/banner-an-ninh-slide-1-2048x758-1-300x111.jpg 300w, https:\/\/nhathongminhcp.com\/wp-content\/uploads\/2021\/12\/banner-an-ninh-slide-1-2048x758-1-768x284.jpg 768w, https:\/\/nhathongminhcp.com\/wp-content\/uploads\/2021\/12\/banner-an-ninh-slide-1-2048x758-1-1536x569.jpg 1536w, https:\/\/nhathongminhcp.com\/wp-content\/uploads\/2021\/12\/banner-an-ninh-slide-1-2048x758-1.jpg 2048w\" sizes=\"auto, (max-width: 1020px) 100vw, 1020px\" \/>\t\t\t\t\t\t\n\t\t\t\t\t<\/div>\n\t\t<\/div>\t\t\t\t\t\t\n<style>\n#image_964751130 {\n  width: 100%;\n}\n<\/style>\n\t<\/div>\n\t\n<div class=\"row\"  id=\"row-1186641227\">\n\n\t<div id=\"col-781748684\" class=\"col small-12 large-12\"  >\n\t\t<div class=\"col-inner\"  >\n\t\t\t\n\t\t\t\n<h1 class=\"text-large\"><strong>Gi\u1ea3i ph\u00e1p an ninh, ch\u1ed1ng tr\u1ed9m th\u00f4ng minh<\/strong><\/h1>\n<p>\u00a0<\/p>\n<p style=\"text-align: center;\">Ng\u0103n c\u1ea3n tr\u1ed9m ngay t\u1eeb nh\u1eefng b\u01b0\u1edbc x\u00e2m nh\u1eadp \u0111\u1ea7u ti\u00ean, nh\u00e0 th\u00f4ng minh Lumi gi\u00fap ch\u1ee7 nh\u00e0 x\u00e2y d\u1ef1ng m\u1ed9t k\u1ecbch b\u1ea3n ch\u1ed1ng tr\u1ed9m \u0111a l\u1edbp, k\u00edch ho\u1ea1t c\u00e1c thi\u1ebft b\u1ecb \u0111i\u1ec7n th\u00f4ng minh trong nh\u00e0 c\u00f9ng tham gia ch\u1ed1ng tr\u1ed9m<\/p>\n\t\t<\/div>\n\t\t\t<\/div>\n\n\t\n<\/div>\n<div class=\"row align-middle align-center\"  id=\"row-433793494\">\n\n\t<div id=\"col-1359702354\" class=\"col medium-6 small-12 large-6\"  >\n\t\t<div class=\"col-inner\"  >\n\t\t\t\n\t\t\t\n<div class=\"container section-title-container h1-title after-title\">\n<h1 class=\"section-title section-title-normal\"><span class=\"section-title-main\">C\u1ea3nh b\u00e1o x\u00e2m nh\u1eadp tr\u00ean smartphone<\/span><\/h1>\n<\/div>\n<p>Nh\u00e0 th\u00f4ng minh Lumi t\u00edch h\u1ee3p v\u1edbi Camera th\u00f4ng minh Hikvision t\u1ea1o ra l\u1edbp an ninh \u0111\u1ea7u ti\u00ean khi ph\u00e1t hi\u1ec7n x\u00e2m nh\u1eadp l\u1ea1. Khi camera an ninh ph\u00e1t hi\u1ec7n c\u00f3 x\u00e2m nh\u1eadp l\u1ea1 trong v\u00f9ng c\u1ea5m v\u00e0o khung gi\u1edd gi\u1edbi nghi\u00eam, camera s\u1ebd t\u1ef1 \u0111\u1ed9ng ch\u1ee5p 10 t\u1ea5m \u1ea3nh snapshot v\u00e0 g\u1eedi th\u00f4ng b\u00e1o v\u1ec1 cho \u0111i\u1ec7n tho\u1ea1i c\u1ee7a ch\u1ee7 nh\u00e2n<\/p>\n\t\t<\/div>\n\t\t\t<\/div>\n\n\t\n\n\t<div id=\"col-1740368689\" class=\"col medium-6 small-12 large-6\"  >\n\t\t<div class=\"col-inner\"  >\n\t\t\t\n\t\t\t\n\t<div class=\"img has-hover x md-x lg-x y md-y lg-y\" id=\"image_564444747\">\n\t\t\t\t\t\t\t\t<div class=\"img-inner dark\" >\n\t\t\t<img loading=\"lazy\" decoding=\"async\" width=\"534\" height=\"391\" src=\"https:\/\/nhathongminhcp.com\/wp-content\/uploads\/2021\/12\/an-ninh-qua-dien-thoai.jpg\" class=\"attachment-large size-large\" alt=\"\" srcset=\"https:\/\/nhathongminhcp.com\/wp-content\/uploads\/2021\/12\/an-ninh-qua-dien-thoai.jpg 534w, https:\/\/nhathongminhcp.com\/wp-content\/uploads\/2021\/12\/an-ninh-qua-dien-thoai-300x220.jpg 300w\" sizes=\"auto, (max-width: 534px) 100vw, 534px\" \/>\t\t\t\t\t\t\n\t\t\t\t\t<\/div>\n\t\t\t\t\t\t\t\t\n<style>\n#image_564444747 {\n  width: 100%;\n}\n<\/style>\n\t<\/div>\n\t\n\t\t<\/div>\n\t\t\t<\/div>\n\n\t\n<\/div>\n<div class=\"row align-middle align-center\"  id=\"row-1376337672\">\n\n\t<div id=\"col-485330135\" class=\"col medium-6 small-12 large-6\"  >\n\t\t<div class=\"col-inner\"  >\n\t\t\t\n\t\t\t\n<div class=\"container section-title-container h1-title after-title\">\n<h2 class=\"section-title section-title-normal\"><span class=\"section-title-main\">K\u00edch ho\u1ea1t h\u1ec7 th\u1ed1ng chi\u1ebfu s\u00e1ng th\u00f4ng minh<\/span><\/h2>\n<\/div>\n<p>C\u00f9ng v\u1edbi c\u1ea3nh b\u00e1o \u0111\u01b0\u1ee3c g\u1eedi t\u1eeb \u0111i\u1ec7n tho\u1ea1i, h\u1ec7 th\u1ed1ng \u0111\u00e8n chi\u1ebfu s\u00e1ng s\u1ebd \u0111\u01b0\u1ee3c t\u1ef1 \u0111\u1ed9ng k\u00edch ho\u1ea1t b\u1eadt s\u00e1ng tr\u01b0ng, khi\u1ebfn t\u00ean tr\u1ed9m t\u01b0\u1edfng r\u1eb1ng ng\u01b0\u1eddi trong nh\u00e0 \u0111\u00e3 ph\u00e1t hi\u1ec7n ra m\u00ecnh<\/p>\n\t\t<\/div>\n\t\t\t<\/div>\n\n\t\n\n\t<div id=\"col-1554146478\" class=\"col medium-6 small-12 large-6\"  >\n\t\t<div class=\"col-inner\"  >\n\t\t\t\n\t\t\t\n\t<div class=\"img has-hover x md-x lg-x y md-y lg-y\" id=\"image_25122725\">\n\t\t\t\t\t\t\t\t<div class=\"img-inner dark\" >\n\t\t\t<img loading=\"lazy\" decoding=\"async\" width=\"1000\" height=\"667\" src=\"https:\/\/nhathongminhcp.com\/wp-content\/uploads\/2021\/12\/anh-sang-an-ninh.jpg\" class=\"attachment-large size-large\" alt=\"\" srcset=\"https:\/\/nhathongminhcp.com\/wp-content\/uploads\/2021\/12\/anh-sang-an-ninh.jpg 1000w, https:\/\/nhathongminhcp.com\/wp-content\/uploads\/2021\/12\/anh-sang-an-ninh-300x200.jpg 300w, https:\/\/nhathongminhcp.com\/wp-content\/uploads\/2021\/12\/anh-sang-an-ninh-768x512.jpg 768w\" sizes=\"auto, (max-width: 1000px) 100vw, 1000px\" \/>\t\t\t\t\t\t\n\t\t\t\t\t<\/div>\n\t\t\t\t\t\t\t\t\n<style>\n#image_25122725 {\n  width: 100%;\n}\n<\/style>\n\t<\/div>\n\t\n\t\t<\/div>\n\t\t\t<\/div>\n\n\t\n<\/div>\n<div class=\"row align-middle align-center\"  id=\"row-347532962\">\n\n\t<div id=\"col-1303630784\" class=\"col medium-6 small-12 large-6\"  >\n\t\t<div class=\"col-inner\"  >\n\t\t\t\n\t\t\t\n<div class=\"container section-title-container h1-title after-title\">\n<h2 class=\"section-title section-title-normal\"><span class=\"section-title-main\">K\u00edch ho\u1ea1t r\u00e8m c\u1eeda t\u1ef1 \u0111\u1ed9ng m\u1edf<\/span><\/h2>\n<\/div>\n<p>M\u1ed9t khi \u0111i\u1ec7n tho\u1ea1i c\u1ee7a ch\u1ee7 nh\u00e0 \u0111\u00e3 nh\u1eadn \u0111\u01b0\u1ee3c th\u00f4ng b\u00e1o c\u00f3 tr\u1ed9m, th\u00ec ngay l\u1eadp t\u1ee9c t\u1ea5t c\u1ea3 c\u00e1c thi\u1ebft b\u1ecb th\u00f4ng minh trong nh\u00e0 \u0111\u1ec1u nh\u1eadn \u0111\u01b0\u1ee3c th\u00f4ng tin t\u01b0\u01a1ng t\u1ef1 v\u00e0 c\u00f3 ph\u1ea3n \u1ee9ng \u0111\u1ec3 \u201ct\u1ef1 v\u1ec7\u201d nh\u01b0 r\u00e8m c\u1eeda m\u1edf toang \u0111\u1ed3ng th\u1eddi v\u1edbi \u0111\u00e8n nh\u00e0 b\u1eadt s\u00e1ng<\/p>\n\t\t<\/div>\n\t\t\t<\/div>\n\n\t\n\n\t<div id=\"col-275056279\" class=\"col medium-6 small-12 large-6\"  >\n\t\t<div class=\"col-inner\"  >\n\t\t\t\n\t\t\t\n\t<div class=\"img has-hover x md-x lg-x y md-y lg-y\" id=\"image_662635128\">\n\t\t\t\t\t\t\t\t<div class=\"img-inner dark\" >\n\t\t\t<img loading=\"lazy\" decoding=\"async\" width=\"1000\" height=\"667\" src=\"https:\/\/nhathongminhcp.com\/wp-content\/uploads\/2021\/12\/rem-cua-an-ninh.jpg\" class=\"attachment-large size-large\" alt=\"\" srcset=\"https:\/\/nhathongminhcp.com\/wp-content\/uploads\/2021\/12\/rem-cua-an-ninh.jpg 1000w, https:\/\/nhathongminhcp.com\/wp-content\/uploads\/2021\/12\/rem-cua-an-ninh-300x200.jpg 300w, https:\/\/nhathongminhcp.com\/wp-content\/uploads\/2021\/12\/rem-cua-an-ninh-768x512.jpg 768w\" sizes=\"auto, (max-width: 1000px) 100vw, 1000px\" \/>\t\t\t\t\t\t\n\t\t\t\t\t<\/div>\n\t\t\t\t\t\t\t\t\n<style>\n#image_662635128 {\n  width: 100%;\n}\n<\/style>\n\t<\/div>\n\t\n\t\t<\/div>\n\t\t\t<\/div>\n\n\t\n<\/div>\n<div class=\"row align-middle align-center\"  id=\"row-1407511193\">\n\n\t<div id=\"col-1861542164\" class=\"col medium-6 small-12 large-6\"  >\n\t\t<div class=\"col-inner\"  >\n\t\t\t\n\t\t\t\n<div class=\"container section-title-container h1-title after-title\">\n<div class=\"container section-title-container h1-title after-title\">\n<h2 class=\"section-title section-title-normal\"><span class=\"section-title-main\">K\u00edch ho\u1ea1t h\u1ec7 th\u1ed1ng \u00e2m thanh b\u00e1o \u0111\u1ed9ng<\/span><\/h2>\n<\/div>\n<p>T\u1ee9c th\u1eddi ho\u1ea1t \u0111\u1ed9ng song song v\u1edbi h\u1ec7 th\u1ed1ng \u0111\u00e8n chi\u1ebfu s\u00e1ng v\u00e0 r\u00e8m c\u1eeda, c\u00f2i h\u00fa b\u00e1o \u0111\u1ed9ng s\u1ebd ph\u00e1t li\u00ean t\u1ee5c c\u00e1c c\u1ea3nh b\u00e1o \u201cC\u00f3 tr\u1ed9m! C\u00f3 tr\u1ed9m\u201d khi\u1ebfn k\u1ebb gian ho\u1ea3ng s\u1ee3, \u0111\u1ed3ng th\u1eddi thu h\u00fat s\u1ef1 ch\u00fa \u00fd c\u1ee7a c\u00e1c khu v\u1ef1c l\u00e2n c\u1eadn<\/p>\n<\/div>\n\t\t<\/div>\n\t\t\t<\/div>\n\n\t\n\n\t<div id=\"col-1494383980\" class=\"col medium-6 small-12 large-6\"  >\n\t\t<div class=\"col-inner\"  >\n\t\t\t\n\t\t\t\n\t<div class=\"img has-hover x md-x lg-x y md-y lg-y\" id=\"image_125870416\">\n\t\t\t\t\t\t\t\t<div class=\"img-inner dark\" >\n\t\t\t<img loading=\"lazy\" decoding=\"async\" width=\"1000\" height=\"667\" src=\"https:\/\/nhathongminhcp.com\/wp-content\/uploads\/2021\/12\/coi-bao-dong-1.jpg\" class=\"attachment-large size-large\" alt=\"\" srcset=\"https:\/\/nhathongminhcp.com\/wp-content\/uploads\/2021\/12\/coi-bao-dong-1.jpg 1000w, https:\/\/nhathongminhcp.com\/wp-content\/uploads\/2021\/12\/coi-bao-dong-1-300x200.jpg 300w, https:\/\/nhathongminhcp.com\/wp-content\/uploads\/2021\/12\/coi-bao-dong-1-768x512.jpg 768w\" sizes=\"auto, (max-width: 1000px) 100vw, 1000px\" \/>\t\t\t\t\t\t\n\t\t\t\t\t<\/div>\n\t\t\t\t\t\t\t\t\n<style>\n#image_125870416 {\n  width: 100%;\n}\n<\/style>\n\t<\/div>\n\t\n\t\t<\/div>\n\t\t\t<\/div>\n\n\t\n<\/div>\n<div class=\"row align-middle align-center\"  id=\"row-35933158\">\n\n\t<div id=\"col-2074093020\" class=\"col medium-6 small-12 large-6\"  >\n\t\t<div class=\"col-inner\"  >\n\t\t\t\n\t\t\t\n<div class=\"container section-title-container h1-title after-title\">\n<div class=\"container section-title-container h1-title after-title\">\n<div id=\"col-1684707775\" class=\"col milo milo-right medium-6 small-12 large-6\">\n<div class=\"col-inner text-left\">\n<div class=\"container section-title-container h1-title after-title\">\n<h2 class=\"section-title section-title-normal\"><span class=\"section-title-main\">K\u00edch ho\u1ea1t h\u1ec7 th\u1ed1ng t\u01b0\u1edbi n\u01b0\u1edbc s\u00e2n v\u01b0\u1eddn<\/span><\/h2>\n<\/div>\n<p>Kh\u00f4ng \u0111\u1ec3 k\u1ebb gian c\u00f3 c\u01a1 h\u1ed9i th\u00e1o ch\u1ea1y trong y\u00ean b\u00ecnh, h\u1ec7 th\u1ed1ng t\u01b0\u1edbi n\u01b0\u1edbc t\u1ef1 \u0111\u1ed9ng s\u1ebd tr\u1edf th\u00e0nh l\u1edbp an ninh cu\u1ed1i c\u00f9ng ch\u1eb7n \u0111\u01b0\u1eddng r\u00fat lui c\u1ee7a t\u00ean tr\u1ed9m b\u1eb1ng vi\u1ec7c t\u1ef1 \u0111\u1ed9ng k\u00edch ho\u1ea1t t\u01b0\u1edbi n\u01b0\u1edbc kh\u1eafp v\u01b0\u1eddn t\u1ea5n c\u00f4ng k\u1ebb tr\u1ed9m<\/p>\n<\/div>\n<\/div>\n<div id=\"col-2116977271\" class=\"col medium-6 small-12 large-6 medium-col-first\">\n<div class=\"col-inner\">\n<div id=\"image_321170534\" class=\"img has-hover x md-x lg-x y md-y lg-y\">\u00a0<\/div>\n<\/div>\n<\/div>\n<\/div>\n<\/div>\n\t\t<\/div>\n\t\t\t<\/div>\n\n\t\n\n\t<div id=\"col-53933215\" class=\"col medium-6 small-12 large-6\"  >\n\t\t<div class=\"col-inner\"  >\n\t\t\t\n\t\t\t\n\t<div class=\"img has-hover x md-x lg-x y md-y lg-y\" id=\"image_740162637\">\n\t\t\t\t\t\t\t\t<div class=\"img-inner dark\" >\n\t\t\t<img loading=\"lazy\" decoding=\"async\" width=\"1000\" height=\"667\" src=\"https:\/\/nhathongminhcp.com\/wp-content\/uploads\/2021\/12\/san-vuon-an-ninh.jpg\" class=\"attachment-large size-large\" alt=\"\" srcset=\"https:\/\/nhathongminhcp.com\/wp-content\/uploads\/2021\/12\/san-vuon-an-ninh.jpg 1000w, https:\/\/nhathongminhcp.com\/wp-content\/uploads\/2021\/12\/san-vuon-an-ninh-300x200.jpg 300w, https:\/\/nhathongminhcp.com\/wp-content\/uploads\/2021\/12\/san-vuon-an-ninh-768x512.jpg 768w\" sizes=\"auto, (max-width: 1000px) 100vw, 1000px\" \/>\t\t\t\t\t\t\n\t\t\t\t\t<\/div>\n\t\t\t\t\t\t\t\t\n<style>\n#image_740162637 {\n  width: 100%;\n}\n<\/style>\n\t<\/div>\n\t\n\t\t<\/div>\n\t\t\t<\/div>\n\n\t\n<\/div>\n\t\t<\/div>\n\n\t\t\n<style>\n#section_1537103425 {\n  padding-top: 30px;\n  padding-bottom: 30px;\n}\n<\/style>\n\t<\/section>\n\t\n","protected":false},"excerpt":{"rendered":"","protected":false},"author":1,"featured_media":0,"parent":0,"menu_order":0,"comment_status":"closed","ping_status":"closed","template":"","meta":{"footnotes":""},"yst_prominent_words":[],"class_list":["post-293","page","type-page","status-publish","hentry"],"_links":{"self":[{"href":"https:\/\/nhathongminhcp.com\/index.php\/wp-json\/wp\/v2\/pages\/293","targetHints":{"allow":["GET"]}}],"collection":[{"href":"https:\/\/nhathongminhcp.com\/index.php\/wp-json\/wp\/v2\/pages"}],"about":[{"href":"https:\/\/nhathongminhcp.com\/index.php\/wp-json\/wp\/v2\/types\/page"}],"author":[{"embeddable":true,"href":"https:\/\/nhathongminhcp.com\/index.php\/wp-json\/wp\/v2\/users\/1"}],"replies":[{"embeddable":true,"href":"https:\/\/nhathongminhcp.com\/index.php\/wp-json\/wp\/v2\/comments?post=293"}],"version-history":[{"count":5,"href":"https:\/\/nhathongminhcp.com\/index.php\/wp-json\/wp\/v2\/pages\/293\/revisions"}],"predecessor-version":[{"id":304,"href":"https:\/\/nhathongminhcp.com\/index.php\/wp-json\/wp\/v2\/pages\/293\/revisions\/304"}],"wp:attachment":[{"href":"https:\/\/nhathongminhcp.com\/index.php\/wp-json\/wp\/v2\/media?parent=293"}],"wp:term":[{"taxonomy":"yst_prominent_words","embeddable":true,"href":"https:\/\/nhathongminhcp.com\/index.php\/wp-json\/wp\/v2\/yst_prominent_words?post=293"}],"curies":[{"name":"wp","href":"https:\/\/api.w.org\/{rel}","templated":true}]}}